{"id":8359,"date":"2024-09-26T17:39:13","date_gmt":"2024-09-26T15:39:13","guid":{"rendered":"https:\/\/practice.siyuanbalance.com\/product\/si-yuan-acces-a-la-plateforme-de-pratique-pour-3-jours\/"},"modified":"2024-09-26T17:39:13","modified_gmt":"2024-09-26T15:39:13","slug":"si-yuan-acces-a-la-plateforme-de-pratique-pour-3-jours","status":"publish","type":"product","link":"https:\/\/practice.siyuanbalance.com\/fr\/produit\/si-yuan-acces-a-la-plateforme-de-pratique-pour-3-jours\/","title":{"rendered":"Si Yuan Acc\u00e8s \u00e0 la plateforme de pratique pour 3 jours"},"content":{"rendered":"","protected":false},"excerpt":{"rendered":"<p>Veuillez ajouter ceci \u00e0 votre panier, puis cr\u00e9er un compte et vous pourrez acc\u00e9der \u00e0 la plateforme pendant 3 jours.<\/p>\n<p>Vous ne pouvez le faire qu&rsquo;une seule fois.<\/p>\n","protected":false},"featured_media":8148,"template":"","meta":[],"product_brand":[],"product_cat":[170],"product_tag":[],"class_list":{"0":"post-8359","1":"product","2":"type-product","3":"status-publish","4":"has-post-thumbnail","6":"product_cat-uncategorized","8":"first","9":"instock","10":"virtual","11":"purchasable","12":"product-type-simple"},"_links":{"self":[{"href":"https:\/\/practice.siyuanbalance.com\/fr\/wp-json\/wp\/v2\/product\/8359","targetHints":{"allow":["GET"]}}],"collection":[{"href":"https:\/\/practice.siyuanbalance.com\/fr\/wp-json\/wp\/v2\/product"}],"about":[{"href":"https:\/\/practice.siyuanbalance.com\/fr\/wp-json\/wp\/v2\/types\/product"}],"wp:featuredmedia":[{"embeddable":true,"href":"https:\/\/practice.siyuanbalance.com\/fr\/wp-json\/wp\/v2\/media\/8148"}],"wp:attachment":[{"href":"https:\/\/practice.siyuanbalance.com\/fr\/wp-json\/wp\/v2\/media?parent=8359"}],"wp:term":[{"taxonomy":"product_brand","embeddable":true,"href":"https:\/\/practice.siyuanbalance.com\/fr\/wp-json\/wp\/v2\/product_brand?post=8359"},{"taxonomy":"product_cat","embeddable":true,"href":"https:\/\/practice.siyuanbalance.com\/fr\/wp-json\/wp\/v2\/product_cat?post=8359"},{"taxonomy":"product_tag","embeddable":true,"href":"https:\/\/practice.siyuanbalance.com\/fr\/wp-json\/wp\/v2\/product_tag?post=8359"}],"curies":[{"name":"wp","href":"https:\/\/api.w.org\/{rel}","templated":true}]}}