{"id":3773,"date":"2022-06-15T16:31:10","date_gmt":"2022-06-15T14:31:10","guid":{"rendered":"https:\/\/practice.siyuanbalance.com\/product\/membre-du-reseau-si-yuan-souscription-annuelle\/"},"modified":"2025-03-11T21:47:26","modified_gmt":"2025-03-11T20:47:26","slug":"membre-du-reseau-si-yuan-souscription-annuelle","status":"publish","type":"product","link":"https:\/\/practice.siyuanbalance.com\/fr\/produit\/membre-du-reseau-si-yuan-souscription-annuelle\/","title":{"rendered":"Membre du r\u00e9seau Si Yuan : Souscription annuelle"},"content":{"rendered":"","protected":false},"excerpt":{"rendered":"<h1>Membre du r\u00e9seau Si Yuan : Souscription annuelle<\/h1>\n<p>En vous inscrivant en tant que membre du r\u00e9seau, votre clinique sera ajout\u00e9e \u00e0 la liste de r\u00e9f\u00e9rence de Si Yuan\u00a0:<br \/>\nhttps:\/\/www.siyuanbalance.com\/certification\/referral-list<\/p>\n<p>Les d\u00e9tails et l&#8217;emplacement de votre clinique, comme indiqu\u00e9 ci-dessous, appara\u00eetront sur la liste de r\u00e9f\u00e9rence de Si Yuan.<\/p>\n<p><a href=\"https:\/\/practice.siyuanbalance.com\/wp-content\/uploads\/2022\/10\/authorization-referral-list.pdf\">Veuillez lire notre Autorisation d&rsquo;utilisation des images ici.<\/a><\/p>\n<p>&nbsp;<\/p>\n","protected":false},"featured_media":1717,"template":"","meta":[],"product_brand":[],"product_cat":[322],"product_tag":[],"class_list":{"0":"post-3773","1":"product","2":"type-product","3":"status-publish","4":"has-post-thumbnail","6":"product_cat-souscription","8":"first","9":"instock","10":"virtual","11":"purchasable","12":"product-type-subscription"},"_links":{"self":[{"href":"https:\/\/practice.siyuanbalance.com\/fr\/wp-json\/wp\/v2\/product\/3773","targetHints":{"allow":["GET"]}}],"collection":[{"href":"https:\/\/practice.siyuanbalance.com\/fr\/wp-json\/wp\/v2\/product"}],"about":[{"href":"https:\/\/practice.siyuanbalance.com\/fr\/wp-json\/wp\/v2\/types\/product"}],"wp:featuredmedia":[{"embeddable":true,"href":"https:\/\/practice.siyuanbalance.com\/fr\/wp-json\/wp\/v2\/media\/1717"}],"wp:attachment":[{"href":"https:\/\/practice.siyuanbalance.com\/fr\/wp-json\/wp\/v2\/media?parent=3773"}],"wp:term":[{"taxonomy":"product_brand","embeddable":true,"href":"https:\/\/practice.siyuanbalance.com\/fr\/wp-json\/wp\/v2\/product_brand?post=3773"},{"taxonomy":"product_cat","embeddable":true,"href":"https:\/\/practice.siyuanbalance.com\/fr\/wp-json\/wp\/v2\/product_cat?post=3773"},{"taxonomy":"product_tag","embeddable":true,"href":"https:\/\/practice.siyuanbalance.com\/fr\/wp-json\/wp\/v2\/product_tag?post=3773"}],"curies":[{"name":"wp","href":"https:\/\/api.w.org\/{rel}","templated":true}]}}