{"id":8317,"date":"2024-09-25T12:04:01","date_gmt":"2024-09-25T10:04:01","guid":{"rendered":"https:\/\/practice.siyuanbalance.com\/inscription-a-la-plateforme-de-pratique\/"},"modified":"2024-10-01T11:27:09","modified_gmt":"2024-10-01T09:27:09","slug":"inscription-a-la-plateforme-de-pratique","status":"publish","type":"page","link":"https:\/\/practice.siyuanbalance.com\/fr\/inscription-a-la-plateforme-de-pratique\/","title":{"rendered":"Inscription \u00e0 la plateforme de pratique"},"content":{"rendered":"<div id='av_section_1'  class='avia-section av-1ggoez-2d497ba9968c359493e2ab1ea2ad889c main_color avia-section-default avia-no-border-styling  avia-builder-el-0  el_before_av_section  avia-builder-el-first  avia-bg-style-fixed container_wrap sidebar_right'  ><div class='container av-section-cont-open' ><main  role=\"main\" itemprop=\"mainContentOfPage\"  class='template-page content  av-content-small alpha units'><div class='post-entry post-entry-type-page post-entry-8317'><div class='entry-content-wrapper clearfix'>\n\n<style type=\"text\/css\" data-created_by=\"avia_inline_auto\" id=\"style-css-av-m1hp2gda-aa4a8e5451a52391a96dd590a5062c4e\">\n#top .av-special-heading.av-m1hp2gda-aa4a8e5451a52391a96dd590a5062c4e{\npadding-bottom:10px;\n}\nbody .av-special-heading.av-m1hp2gda-aa4a8e5451a52391a96dd590a5062c4e .av-special-heading-tag .heading-char{\nfont-size:25px;\n}\n.av-special-heading.av-m1hp2gda-aa4a8e5451a52391a96dd590a5062c4e .av-subheading{\nfont-size:15px;\n}\n<\/style>\n<div  class='av-special-heading av-m1hp2gda-aa4a8e5451a52391a96dd590a5062c4e av-special-heading-h1 blockquote modern-quote modern-centered  avia-builder-el-1  el_before_av_hr  avia-builder-el-first  av-linked-heading'><h1 class='av-special-heading-tag'  itemprop=\"headline\"  >Inscription \u00e0 la plateforme de pratique<\/h1><div class=\"special-heading-border\"><div class=\"special-heading-inner-border\"><\/div><\/div><\/div>\n\n<style type=\"text\/css\" data-created_by=\"avia_inline_auto\" id=\"style-css-av-bz0pzf-88f7b72d5762da11ceae1a85d73d0e31\">\n#top .hr.av-bz0pzf-88f7b72d5762da11ceae1a85d73d0e31{\nmargin-top:10px;\nmargin-bottom:50px;\n}\n.hr.av-bz0pzf-88f7b72d5762da11ceae1a85d73d0e31 .hr-inner{\nwidth:50px;\nborder-color:#c11019;\nmax-width:45%;\n}\n.hr.av-bz0pzf-88f7b72d5762da11ceae1a85d73d0e31 .av-seperator-icon{\ncolor:#770a0f;\n}\n<\/style>\n<div  class='hr av-bz0pzf-88f7b72d5762da11ceae1a85d73d0e31 hr-custom  avia-builder-el-2  el_after_av_heading  el_before_av_one_fourth  hr-center hr-icon-yes'><span class='hr-inner inner-border-av-border-thin'><span class=\"hr-inner-style\"><\/span><\/span><span class='av-seperator-icon' aria-hidden='true' data-av_icon='\ue80b' data-av_iconfont='entypo-fontello'><\/span><span class='hr-inner inner-border-av-border-thin'><span class=\"hr-inner-style\"><\/span><\/span><\/div>\n<div class='flex_column_table av-m1hw8fdo-37679fae2ec3376ae1be5bad8cff25b6 sc-av_one_fourth av-equal-height-column-flextable'>\n<style type=\"text\/css\" data-created_by=\"avia_inline_auto\" id=\"style-css-av-m1hw8fdo-37679fae2ec3376ae1be5bad8cff25b6\">\n@keyframes av_boxShadowEffect_av-m1hw8fdo-37679fae2ec3376ae1be5bad8cff25b6-column {\n0%   { box-shadow:  0 0 0 0 #5e5e5e; opacity: 1; }\n100% { box-shadow:  0 0 3px 0 #5e5e5e; opacity: 1; }\n}\n.flex_column.av-m1hw8fdo-37679fae2ec3376ae1be5bad8cff25b6{\nbox-shadow: 0 0 3px 0 #5e5e5e;\nborder-radius:10px 10px 10px 10px;\npadding:20px 20px 20px 20px;\nbackground-color:#f4f4f4;\n}\n<\/style>\n<div  class='flex_column av-m1hw8fdo-37679fae2ec3376ae1be5bad8cff25b6 av_one_fourth  avia-builder-el-3  el_after_av_hr  el_before_av_one_half  first flex_column_table_cell av-equal-height-column av-align-middle shadow-not-animated  '     ><div  class='avia-slideshow av-m1hw6lv0-2684b77480528ed5fe6c8c0bbdad1495 avia-slideshow-portfolio av_slideshow avia-slide-slider  avia-builder-el-4  avia-builder-el-no-sibling  av-slideshow-ui av-control-default av-slideshow-autoplay av-loop-endless av-loop-manual-endless av-default-height-applied avia-slideshow-1' data-slideshow-options=\"{&quot;animation&quot;:&quot;slide&quot;,&quot;autoplay&quot;:true,&quot;loop_autoplay&quot;:&quot;endless&quot;,&quot;interval&quot;:4,&quot;loop_manual&quot;:&quot;manual-endless&quot;,&quot;autoplay_stopper&quot;:false,&quot;noNavigation&quot;:false,&quot;bg_slider&quot;:false,&quot;transitionSpeed&quot;:400,&quot;keep_padding&quot;:false,&quot;hoverpause&quot;:false,&quot;show_slide_delay&quot;:0}\"  itemprop=\"image\" itemscope=\"itemscope\" itemtype=\"https:\/\/schema.org\/ImageObject\" ><ul class='avia-slideshow-inner ' style='padding-bottom: 80.808080808081%;'><li  class='avia-slideshow-slide av-m1hw6lv0-2684b77480528ed5fe6c8c0bbdad1495__0  slide-1 slide-odd'><div data-rel='slideshow-1' class='avia-slide-wrap '   ><img decoding=\"async\" fetchpriority=\"high\" class=\"wp-image-7873 avia-img-lazy-loading-not-7873\"  src=\"https:\/\/practice.siyuanbalance.com\/wp-content\/uploads\/2024\/07\/zone-cerveau-495x400.jpg\" width=\"495\" height=\"400\" title='zone-cerveau' alt=''  itemprop=\"thumbnailUrl\"   \/><\/div><\/li><li  class='avia-slideshow-slide av-m1hw6lv0-2684b77480528ed5fe6c8c0bbdad1495__1  slide-2 slide-even'><div data-rel='slideshow-1' class='avia-slide-wrap '   ><img decoding=\"async\" fetchpriority=\"high\" class=\"wp-image-7733 avia-img-lazy-loading-not-7733\"  src=\"https:\/\/practice.siyuanbalance.com\/wp-content\/uploads\/2024\/07\/f8-495x400.jpg\" width=\"495\" height=\"400\" title='f8' alt=''  itemprop=\"thumbnailUrl\"   \/><\/div><\/li><li  class='avia-slideshow-slide av-m1hw6lv0-2684b77480528ed5fe6c8c0bbdad1495__2  slide-3 slide-odd'><div data-rel='slideshow-1' class='avia-slide-wrap '   ><img decoding=\"async\" fetchpriority=\"high\" class=\"wp-image-7849 avia-img-lazy-loading-not-7849\"  src=\"https:\/\/practice.siyuanbalance.com\/wp-content\/uploads\/2024\/07\/vb41-495x400.jpg\" width=\"495\" height=\"400\" title='vb41' alt=''  itemprop=\"thumbnailUrl\"   \/><\/div><\/li><li  class='avia-slideshow-slide av-m1hw6lv0-2684b77480528ed5fe6c8c0bbdad1495__3  slide-4 slide-even'><div data-rel='slideshow-1' class='avia-slide-wrap '   ><img decoding=\"async\" fetchpriority=\"high\" class=\"wp-image-7697 avia-img-lazy-loading-not-7697\"  src=\"https:\/\/practice.siyuanbalance.com\/wp-content\/uploads\/2024\/07\/E43-44-495x400.jpg\" width=\"495\" height=\"400\" title='E43-44' alt=''  itemprop=\"thumbnailUrl\"   \/><\/div><\/li><li  class='avia-slideshow-slide av-m1hw6lv0-2684b77480528ed5fe6c8c0bbdad1495__4  slide-5 slide-odd'><div data-rel='slideshow-1' class='avia-slide-wrap '   ><img decoding=\"async\" fetchpriority=\"high\" class=\"wp-image-7281 avia-img-lazy-loading-not-7281\"  src=\"https:\/\/practice.siyuanbalance.com\/wp-content\/uploads\/2024\/06\/sandra-02-495x400.jpg\" width=\"495\" height=\"400\" title='sandra-02' alt=''  itemprop=\"thumbnailUrl\"   \/><\/div><\/li><\/ul><div class='avia-slideshow-arrows avia-slideshow-controls' ><a href='#prev' class='prev-slide ' aria-hidden='true' data-av_icon='\ue87c' data-av_iconfont='entypo-fontello'  tabindex='-1'>Pr\u00e9c\u00e9dent<\/a><a href='#next' class='next-slide ' aria-hidden='true' data-av_icon='\ue87d' data-av_iconfont='entypo-fontello'  tabindex='-1'>Suivant<\/a><\/div><div class='avia-slideshow-dots avia-slideshow-controls'><a href='#1' class='goto-slide active' >1<\/a><a href='#2' class='goto-slide ' >2<\/a><a href='#3' class='goto-slide ' >3<\/a><a href='#4' class='goto-slide ' >4<\/a><a href='#5' class='goto-slide ' >5<\/a><\/div><\/div><\/div><div class='av-flex-placeholder'><\/div>\n<style type=\"text\/css\" data-created_by=\"avia_inline_auto\" id=\"style-css-av-e2fm3-527da08d2eef14a0b7a9ff230ca3e8e9\">\n@keyframes av_boxShadowEffect_av-e2fm3-527da08d2eef14a0b7a9ff230ca3e8e9-column {\n0%   { box-shadow:  0 0 0 0 #5e5e5e; opacity: 1; }\n100% { box-shadow:  0 0 3px 0 #5e5e5e; opacity: 1; }\n}\n.flex_column.av-e2fm3-527da08d2eef14a0b7a9ff230ca3e8e9{\nbox-shadow: 0 0 3px 0 #5e5e5e;\nborder-radius:10px 10px 10px 10px;\npadding:20px 20px 20px 20px;\nbackground-color:#f4f4f4;\n}\n<\/style>\n<div  class='flex_column av-e2fm3-527da08d2eef14a0b7a9ff230ca3e8e9 av_one_half  avia-builder-el-5  el_after_av_one_fourth  avia-builder-el-last  flex_column_table_cell av-equal-height-column av-align-middle shadow-not-animated  '     ><section  class='av_textblock_section av-m1hp43tj-db05d5ba74cffd9bd2dcbde30c32e5e7 '   itemscope=\"itemscope\" itemtype=\"https:\/\/schema.org\/CreativeWork\" ><div class='avia_textblock'  itemprop=\"text\" ><h3>Veuillez configurer le paiement annuel r\u00e9current de 149\u20ac ou le paiement mensuel r\u00e9current de 14,99\u20ac<\/h3>\n<p>Ces frais couvrent le traitement de votre demande et soutiennent la publication de contenu p\u00e9dagogique. Tous les frais pay\u00e9s ne sont pas remboursables. Les praticiens peuvent annuler leur inscription \u00e0 tout moment par e-mail. Si Yuan se r\u00e9serve le droit d&rsquo;annuler l&rsquo;inscription du praticien et de le retirer de la liste \u00e0 tout moment sans justification.<\/p>\n<\/div><\/section><br \/>\n<div  class='avia-product-slider-container av-m1hxplml-1b04138deb457bd6737c46d4a320d411 av_one_half flex_column av-catalogue-column  avia-builder-el-7  el_after_av_textblock  avia-builder-el-last  av-slideshow-ui av-slider-hover-pause av-slideshow-manual av-loop-once av-loop-manual-endless first avia-product-slider1'><div class=\"av-catalogue-container av-catalogue-container-woo\"><ul class=\"av-catalogue-list\"><li><a rel='nofollow' href=\"?add-to-cart=8207\" data-product_id=\"8207\" data-product_sku=\"\" class=\"av-catalogue-item add_to_cart_button ajax_add_to_cart product_type_subscription product-nr-1\"><img decoding=\"async\" loading=\"lazy\" width=\"180\" height=\"180\" src=\"https:\/\/practice.siyuanbalance.com\/wp-content\/uploads\/2024\/09\/practice-platform-access-180x180.jpg\" class=\"wp-image-8148 avia-img-lazy-loading-8148 av-catalogue-image av-cart-update-image av-catalogue-image-yes wp-post-image\" alt=\"\" srcset=\"https:\/\/practice.siyuanbalance.com\/wp-content\/uploads\/2024\/09\/practice-platform-access-180x180.jpg 180w, https:\/\/practice.siyuanbalance.com\/wp-content\/uploads\/2024\/09\/practice-platform-access-300x300.jpg 300w, https:\/\/practice.siyuanbalance.com\/wp-content\/uploads\/2024\/09\/practice-platform-access-80x80.jpg 80w, https:\/\/practice.siyuanbalance.com\/wp-content\/uploads\/2024\/09\/practice-platform-access-36x36.jpg 36w, https:\/\/practice.siyuanbalance.com\/wp-content\/uploads\/2024\/09\/practice-platform-access-120x120.jpg 120w, https:\/\/practice.siyuanbalance.com\/wp-content\/uploads\/2024\/09\/practice-platform-access-100x100.jpg 100w, https:\/\/practice.siyuanbalance.com\/wp-content\/uploads\/2024\/09\/practice-platform-access.jpg 450w\" sizes=\"auto, (max-width: 180px) 100vw, 180px\" \/><div class=\"av-catalogue-item-inner\"><div class=\"av-catalogue-title-container\"><div class='av-catalogue-title av-cart-update-title'>Acc\u00e8s Basique \u00e0 la plateforme de pratique : Souscription annuelle<\/div><div class='av-catalogue-price av-cart-update-price'><span class=\"woocommerce-Price-amount amount\"><bdi>149.00&nbsp;<span class=\"woocommerce-Price-currencySymbol\">&euro;<\/span><\/bdi><\/span> <span class=\"subscription-details\"> \/ ann\u00e9e<\/span><\/div><\/div><div class='av-catalogue-content'><\/div><\/div><\/a><\/li><\/ul><\/div><\/div><div  class='avia-product-slider-container av-m1hxplml-1b04138deb457bd6737c46d4a320d411 av_one_half flex_column av-catalogue-column  avia-builder-el-7  el_after_av_textblock  avia-builder-el-last  av-slideshow-ui av-slider-hover-pause av-slideshow-manual av-loop-once av-loop-manual-endless  avia-product-slider1'><div class=\"av-catalogue-container av-catalogue-container-woo\"><ul class=\"av-catalogue-list\"><li><a rel='nofollow' href=\"?add-to-cart=8191\" data-product_id=\"8191\" data-product_sku=\"\" class=\"av-catalogue-item add_to_cart_button ajax_add_to_cart product_type_subscription product-nr-2\"><img decoding=\"async\" loading=\"lazy\" width=\"180\" height=\"180\" src=\"https:\/\/practice.siyuanbalance.com\/wp-content\/uploads\/2024\/09\/practice-platform-access-180x180.jpg\" class=\"wp-image-8148 avia-img-lazy-loading-8148 av-catalogue-image av-cart-update-image av-catalogue-image-yes wp-post-image\" alt=\"\" srcset=\"https:\/\/practice.siyuanbalance.com\/wp-content\/uploads\/2024\/09\/practice-platform-access-180x180.jpg 180w, https:\/\/practice.siyuanbalance.com\/wp-content\/uploads\/2024\/09\/practice-platform-access-300x300.jpg 300w, https:\/\/practice.siyuanbalance.com\/wp-content\/uploads\/2024\/09\/practice-platform-access-80x80.jpg 80w, https:\/\/practice.siyuanbalance.com\/wp-content\/uploads\/2024\/09\/practice-platform-access-36x36.jpg 36w, https:\/\/practice.siyuanbalance.com\/wp-content\/uploads\/2024\/09\/practice-platform-access-120x120.jpg 120w, https:\/\/practice.siyuanbalance.com\/wp-content\/uploads\/2024\/09\/practice-platform-access-100x100.jpg 100w, https:\/\/practice.siyuanbalance.com\/wp-content\/uploads\/2024\/09\/practice-platform-access.jpg 450w\" sizes=\"auto, (max-width: 180px) 100vw, 180px\" \/><div class=\"av-catalogue-item-inner\"><div class=\"av-catalogue-title-container\"><div class='av-catalogue-title av-cart-update-title'>Acc\u00e8s Basique \u00e0 la plateforme de pratique : Souscription mensuelle<\/div><div class='av-catalogue-price av-cart-update-price'><span class=\"woocommerce-Price-amount amount\"><bdi>14.99&nbsp;<span class=\"woocommerce-Price-currencySymbol\">&euro;<\/span><\/bdi><\/span> <span class=\"subscription-details\"> \/ mois<\/span><\/div><\/div><div class='av-catalogue-content'><\/div><\/div><\/a><\/li><\/ul><\/div><\/div><\/p><\/div><\/div><!--close column table wrapper. Autoclose: 1 --><\/div><\/div><\/main><!-- close content main element --><\/div><\/div><div id='take-a-tour'  class='avia-section av-9ptu7v-af28e68c3e94eac202f6e2cc87eb36d2 alternate_color avia-section-default avia-shadow avia-bg-style-scroll container_wrap sidebar_right'  ><div class='container av-section-cont-open' ><div class='template-page content  av-content-small alpha units'><div class='post-entry post-entry-type-page post-entry-8317'><div class='entry-content-wrapper clearfix'>\n\n<style type=\"text\/css\" data-created_by=\"avia_inline_auto\" id=\"style-css-av-t4wxn-4828c74dcf5467a5e5b2101dc317dd4b\">\n#top .av-special-heading.av-t4wxn-4828c74dcf5467a5e5b2101dc317dd4b{\npadding-bottom:10px;\n}\nbody .av-special-heading.av-t4wxn-4828c74dcf5467a5e5b2101dc317dd4b .av-special-heading-tag .heading-char{\nfont-size:25px;\n}\n.av-special-heading.av-t4wxn-4828c74dcf5467a5e5b2101dc317dd4b .av-subheading{\nfont-size:15px;\n}\n<\/style>\n<div  class='av-special-heading av-t4wxn-4828c74dcf5467a5e5b2101dc317dd4b av-special-heading-h2 blockquote modern-quote modern-centered av-linked-heading'><h2 class='av-special-heading-tag'  itemprop=\"headline\"  >Visite virtuelle<\/h2><div class=\"special-heading-border\"><div class=\"special-heading-inner-border\"><\/div><\/div><\/div>\n<div  class='flex_column av-5wtcrv-88f05056eedeeb522246f311115ef926 av_one_fifth first flex_column_div  '     ><\/div>\n<style type=\"text\/css\" data-created_by=\"avia_inline_auto\" id=\"style-css-av-4wlk1n-d5f5d802b263c78cce3a409b5dfc10e3\">\n.flex_column.av-4wlk1n-d5f5d802b263c78cce3a409b5dfc10e3{\npadding:2% 6% 0 6%;\nheight:auto;\nmin-height:415px;\nbackground:url(https:\/\/practice.siyuanbalance.com\/wp-content\/uploads\/2022\/09\/take-a-tour-1.jpg) 50% 0% no-repeat scroll ;\n}\n<\/style>\n<div  class='flex_column av-4wlk1n-d5f5d802b263c78cce3a409b5dfc10e3 av_three_fifth flex_column_div avia-full-contain  '     ><div  class='avia-video av-9ooln-a5992b7b5ebd19c0d2517b4ddff29c87 avia-video-16-9 av-no-preview-image avia-video-load-always av-lazyload-immediate av-lazyload-video-embed'  itemprop=\"video\" itemtype=\"https:\/\/schema.org\/VideoObject\"  data-original_url='https:\/\/vimeo.com\/747678457'><script type='text\/html' class='av-video-tmpl'><div class='avia-iframe-wrap'><iframe loading=\"lazy\" title=\"Si Yuan Practice Platform\" src=\"https:\/\/player.vimeo.com\/video\/747678457?dnt=1&amp;app_id=122963&autoplay=0&loop=0&controls=1&muted=0\" width=\"784\" height=\"480\" frameborder=\"0\" allow=\"autoplay; fullscreen; picture-in-picture; clipboard-write\"><\/iframe><\/div><\/script><div class='av-click-to-play-overlay'><div class=\"avia_playpause_icon\"><\/div><\/div><\/div><\/div>\n<\/div><\/div><\/div><!-- close content main div --><\/div><\/div><div id='after_section_2'  class='main_color av_default_container_wrap container_wrap sidebar_right'  ><div class='container av-section-cont-open' ><div class='template-page content  av-content-small alpha units'><div class='post-entry post-entry-type-page post-entry-8317'><div class='entry-content-wrapper clearfix'><\/p>\n","protected":false},"excerpt":{"rendered":"","protected":false},"author":1,"featured_media":0,"parent":0,"menu_order":0,"comment_status":"closed","ping_status":"closed","template":"","meta":{"footnotes":""},"class_list":["post-8317","page","type-page","status-publish","hentry"],"_links":{"self":[{"href":"https:\/\/practice.siyuanbalance.com\/fr\/wp-json\/wp\/v2\/pages\/8317","targetHints":{"allow":["GET"]}}],"collection":[{"href":"https:\/\/practice.siyuanbalance.com\/fr\/wp-json\/wp\/v2\/pages"}],"about":[{"href":"https:\/\/practice.siyuanbalance.com\/fr\/wp-json\/wp\/v2\/types\/page"}],"author":[{"embeddable":true,"href":"https:\/\/practice.siyuanbalance.com\/fr\/wp-json\/wp\/v2\/users\/1"}],"replies":[{"embeddable":true,"href":"https:\/\/practice.siyuanbalance.com\/fr\/wp-json\/wp\/v2\/comments?post=8317"}],"version-history":[{"count":11,"href":"https:\/\/practice.siyuanbalance.com\/fr\/wp-json\/wp\/v2\/pages\/8317\/revisions"}],"predecessor-version":[{"id":8332,"href":"https:\/\/practice.siyuanbalance.com\/fr\/wp-json\/wp\/v2\/pages\/8317\/revisions\/8332"}],"wp:attachment":[{"href":"https:\/\/practice.siyuanbalance.com\/fr\/wp-json\/wp\/v2\/media?parent=8317"}],"curies":[{"name":"wp","href":"https:\/\/api.w.org\/{rel}","templated":true}]}}