{"id":8303,"date":"2024-09-25T11:36:21","date_gmt":"2024-09-25T09:36:21","guid":{"rendered":"https:\/\/practice.siyuanbalance.com\/choisissez-votre-formule\/"},"modified":"2024-10-01T11:09:34","modified_gmt":"2024-10-01T09:09:34","slug":"choisissez-votre-formule","status":"publish","type":"page","link":"https:\/\/practice.siyuanbalance.com\/fr\/choisissez-votre-formule\/","title":{"rendered":"Choisissez votre formule"},"content":{"rendered":"<div id='av_section_1'  class='avia-section av-l4fcxtp3-ab0ec3f7cbd83a69c51c816019075461 main_color avia-section-default avia-no-border-styling  avia-builder-el-0  avia-builder-el-no-sibling  avia-bg-style-fixed container_wrap sidebar_right'  ><div class='container av-section-cont-open' ><main  role=\"main\" itemprop=\"mainContentOfPage\"  class='template-page content  av-content-small alpha units'><div class='post-entry post-entry-type-page post-entry-8303'><div class='entry-content-wrapper clearfix'>\n\n<style type=\"text\/css\" data-created_by=\"avia_inline_auto\" id=\"style-css-av-1ym97r-135d957c4a8022b600a09bad98c925db\">\n.flex_column.av-1ym97r-135d957c4a8022b600a09bad98c925db{\nborder-radius:0px 0px 0px 0px;\npadding:0px 0px 0px 0px;\n}\n<\/style>\n<div  class='flex_column av-1ym97r-135d957c4a8022b600a09bad98c925db av_one_full  avia-builder-el-1  el_before_av_table  avia-builder-el-first  first flex_column_div av-zero-column-padding  '     ><p>\n<style type=\"text\/css\" data-created_by=\"avia_inline_auto\" id=\"style-css-av-l4fg0q0q-9977dce978003cda3f90dd30e95938aa\">\n#top .av-special-heading.av-l4fg0q0q-9977dce978003cda3f90dd30e95938aa{\npadding-bottom:10px;\n}\nbody .av-special-heading.av-l4fg0q0q-9977dce978003cda3f90dd30e95938aa .av-special-heading-tag .heading-char{\nfont-size:25px;\n}\n.av-special-heading.av-l4fg0q0q-9977dce978003cda3f90dd30e95938aa .av-subheading{\nfont-size:15px;\n}\n<\/style>\n<div  class='av-special-heading av-l4fg0q0q-9977dce978003cda3f90dd30e95938aa av-special-heading-h1 blockquote modern-quote modern-centered  avia-builder-el-2  el_before_av_hr  avia-builder-el-first  av-linked-heading'><h1 class='av-special-heading-tag'  itemprop=\"headline\"  >Choisissez votre formule<\/h1><div class=\"special-heading-border\"><div class=\"special-heading-inner-border\"><\/div><\/div><\/div><br \/>\n\n<style type=\"text\/css\" data-created_by=\"avia_inline_auto\" id=\"style-css-av-l4fdnlyz-af21d4ea816829ed95fc16f7cf0f8960\">\n#top .hr.av-l4fdnlyz-af21d4ea816829ed95fc16f7cf0f8960{\nmargin-top:10px;\nmargin-bottom:50px;\n}\n.hr.av-l4fdnlyz-af21d4ea816829ed95fc16f7cf0f8960 .hr-inner{\nwidth:50px;\nborder-color:#c11019;\nmax-width:45%;\n}\n.hr.av-l4fdnlyz-af21d4ea816829ed95fc16f7cf0f8960 .av-seperator-icon{\ncolor:#770a0f;\n}\n<\/style>\n<div  class='hr av-l4fdnlyz-af21d4ea816829ed95fc16f7cf0f8960 hr-custom  avia-builder-el-3  el_after_av_heading  avia-builder-el-last  hr-center hr-icon-yes'><span class='hr-inner inner-border-av-border-thin'><span class=\"hr-inner-style\"><\/span><\/span><span class='av-seperator-icon' aria-hidden='true' data-av_icon='\ue80b' data-av_iconfont='entypo-fontello'><\/span><span class='hr-inner inner-border-av-border-thin'><span class=\"hr-inner-style\"><\/span><\/span><\/div><\/p><\/div><div  class='avia-table av-16km00i-4f2ba3fa05817e3676968bd3f2914d09 main_color avia-pricing-table-container avia_show_empty_cells avia_pricing_default  avia-builder-el-4  el_after_av_one_full  avia-builder-el-last  avia-table-1'  itemscope=\"itemscope\" itemtype=\"https:\/\/schema.org\/Table\" ><div class=\"pricing-table-wrap\"><ul class='pricing-table '><li class='avia-heading-row'><div class='first-table-item'>Acc\u00e8s Basique<\/div><span class='pricing-extra'><\/span><\/li><li class='avia-pricing-row'>14,99<span class=\"currency-symbol\">\u20ac<\/span> \/ Mois<\/li><li class='avia-pricing-row'>149<span class=\"currency-symbol\">\u20ac<\/span> \/ An (30<span class=\"currency-symbol\">\u20ac<\/span> de r\u00e9duction)<\/li><li class='avia-heading-row'>Avantages<\/li><li class=''>Acc\u00e8s complet \u00e0 la plateforme de pratique<\/li><li class='avia-heading-row'>Pr\u00e9requis<br \/><\/li><li class=''>Ouvert \u00e0 tous les praticiens<\/li><li class='avia-button-row'><div  class='avia-button-wrap av-m1ho5trr-934fe8d7a3b35ca999854e981c827e43-wrap avia-button-center  avia-builder-el-5  el_before_av_button  avia-builder-el-first '><a href='https:\/\/practice.siyuanbalance.com\/register-to-the-practice-platform\/'  class='avia-button av-m1ho5trr-934fe8d7a3b35ca999854e981c827e43 avia-icon_select-yes-left-icon avia-size-small avia-position-center avia-color-theme-color'  ><span class='avia_button_icon avia_button_icon_left' aria-hidden='true' data-av_icon='\ue82b' data-av_iconfont='entypo-fontello'><\/span><span class='avia_iconbox_title' >Inscription \u00e0 l\u2019acc\u00e8s Basique<\/span><\/a><\/div><\/li><\/ul><\/div><div class=\"pricing-table-wrap\"><ul class='pricing-table avia-highlight-col'><li class='avia-heading-row'><div class='first-table-item'>Acc\u00e8s Membres du r\u00e9seau<\/div><span class='pricing-extra'><\/span><\/li><li class='avia-pricing-row'>9,99<span class=\"currency-symbol\">\u20ac<\/span> \/ Mois<\/li><li class='avia-pricing-row'>99<span class=\"currency-symbol\">\u20ac<\/span> \/ An (30<span class=\"currency-symbol\">\u20ac<\/span> de r\u00e9duction)<\/li><li class='avia-heading-row'>Avantages<\/li><li class=''><ul>\n<li>Acc\u00e8s \u00e0 la plateforme de ressources Si Yuan<\/li>\n<li>Acc\u00e8s \u00e0 un groupe Facebook priv\u00e9 avec un contenu \u00e9ducatif exclusif et l\u2019assistance de l\u2019\u00e9quipe Si Yuan Core.<\/li>\n<li>Inscription \u00e0 <a href=\"https:\/\/www.siyuanbalance.com\/fr\/certification\/liste-referes\/\">la liste des Membres du R\u00e9seau internationaux<\/a><\/li>\n<li>R\u00e9ductions sur les \u00e9v\u00e9nements sp\u00e9ciaux Si Yuan<\/li>\n<\/ul><\/li><li class='avia-heading-row'>Pr\u00e9requis<\/li><li class=''>Tous les praticiens qui ont assist\u00e9 au moins une fois \u00e0 un AcuCore sont les bienvenus.<\/li><li class='avia-button-row'><div  class='avia-button-wrap av-m1ho6z5q-b799cbba75ecb54a90ed4f36e4efaa65-wrap avia-button-center  avia-builder-el-6  el_after_av_button  avia-builder-el-last '><a href='https:\/\/practice.siyuanbalance.com\/fr\/devenir-membre-du-reseau\/'  class='avia-button av-m1ho6z5q-b799cbba75ecb54a90ed4f36e4efaa65 avia-icon_select-yes-left-icon avia-size-small avia-position-center avia-color-theme-color'  ><span class='avia_button_icon avia_button_icon_left' aria-hidden='true' data-av_icon='\ue808' data-av_iconfont='entypo-fontello'><\/span><span class='avia_iconbox_title' >Inscription en tant que Membre du R\u00e9seau<\/span><\/a><\/div><\/li><\/ul><\/div><\/div>\n<\/div><\/div><\/main><!-- close content main element --><\/div><\/div><div id='after_section_1'  class='main_color av_default_container_wrap container_wrap sidebar_right'  ><div class='container av-section-cont-open' ><div class='template-page content  av-content-small alpha units'><div class='post-entry post-entry-type-page post-entry-8303'><div class='entry-content-wrapper clearfix'>\n","protected":false},"excerpt":{"rendered":"","protected":false},"author":1,"featured_media":0,"parent":0,"menu_order":0,"comment_status":"closed","ping_status":"closed","template":"","meta":{"footnotes":""},"class_list":["post-8303","page","type-page","status-publish","hentry"],"_links":{"self":[{"href":"https:\/\/practice.siyuanbalance.com\/fr\/wp-json\/wp\/v2\/pages\/8303","targetHints":{"allow":["GET"]}}],"collection":[{"href":"https:\/\/practice.siyuanbalance.com\/fr\/wp-json\/wp\/v2\/pages"}],"about":[{"href":"https:\/\/practice.siyuanbalance.com\/fr\/wp-json\/wp\/v2\/types\/page"}],"author":[{"embeddable":true,"href":"https:\/\/practice.siyuanbalance.com\/fr\/wp-json\/wp\/v2\/users\/1"}],"replies":[{"embeddable":true,"href":"https:\/\/practice.siyuanbalance.com\/fr\/wp-json\/wp\/v2\/comments?post=8303"}],"version-history":[{"count":2,"href":"https:\/\/practice.siyuanbalance.com\/fr\/wp-json\/wp\/v2\/pages\/8303\/revisions"}],"predecessor-version":[{"id":8305,"href":"https:\/\/practice.siyuanbalance.com\/fr\/wp-json\/wp\/v2\/pages\/8303\/revisions\/8305"}],"wp:attachment":[{"href":"https:\/\/practice.siyuanbalance.com\/fr\/wp-json\/wp\/v2\/media?parent=8303"}],"curies":[{"name":"wp","href":"https:\/\/api.w.org\/{rel}","templated":true}]}}