{"id":3765,"date":"2022-06-15T12:28:14","date_gmt":"2022-06-15T10:28:14","guid":{"rendered":"https:\/\/practice.siyuanbalance.com\/register-as-a-network-member\/"},"modified":"2024-10-01T11:18:03","modified_gmt":"2024-10-01T09:18:03","slug":"devenir-membre-du-reseau","status":"publish","type":"page","link":"https:\/\/practice.siyuanbalance.com\/fr\/devenir-membre-du-reseau\/","title":{"rendered":"Devenir Membre du R\u00e9seau"},"content":{"rendered":"<div id='av_section_1'  class='avia-section av-l4fcxtp3-ab0ec3f7cbd83a69c51c816019075461 main_color avia-section-default avia-no-border-styling  avia-builder-el-0  avia-builder-el-no-sibling  avia-bg-style-fixed container_wrap sidebar_right'  ><div class='container av-section-cont-open' ><main  role=\"main\" itemprop=\"mainContentOfPage\"  class='template-page content  av-content-small alpha units'><div class='post-entry post-entry-type-page post-entry-3765'><div class='entry-content-wrapper clearfix'>\n\n<style type=\"text\/css\" data-created_by=\"avia_inline_auto\" id=\"style-css-av-2hau6u-55f2f2e8a48cf5d13bcdf36733ef8e90\">\n#top .av-special-heading.av-2hau6u-55f2f2e8a48cf5d13bcdf36733ef8e90{\npadding-bottom:10px;\n}\nbody .av-special-heading.av-2hau6u-55f2f2e8a48cf5d13bcdf36733ef8e90 .av-special-heading-tag .heading-char{\nfont-size:25px;\n}\n.av-special-heading.av-2hau6u-55f2f2e8a48cf5d13bcdf36733ef8e90 .av-subheading{\nfont-size:15px;\n}\n<\/style>\n<div  class='av-special-heading av-2hau6u-55f2f2e8a48cf5d13bcdf36733ef8e90 av-special-heading-h1 blockquote modern-quote modern-centered  avia-builder-el-1  el_before_av_textblock  avia-builder-el-first  av-linked-heading'><h1 class='av-special-heading-tag'  itemprop=\"headline\"  >Devenir Membre du R\u00e9seau<\/h1><div class='av-subheading av-subheading_below'><p>La M\u00e9thode d\u2019Equilibre est tr\u00e8s populaire dans le monde entier et est pratiqu\u00e9e par des acupuncteurs ayant diff\u00e9rents niveaux d&rsquo;exp\u00e9rience et d&rsquo;enseignement.<\/p>\n<p>La mission de Si Yuan h\u00e9rit\u00e9e du Dr Tan est de soutenir et d&rsquo;encourager les praticiens \u00e0 d\u00e9velopper leur pratique et leur compr\u00e9hension de la M\u00e9thode d&rsquo;Equilibre. C&rsquo;est pourquoi tous les praticiens qui ont commenc\u00e9 \u00e0 se former avec le Dr Tan ou Si Yuan peuvent b\u00e9n\u00e9ficier d&rsquo;une incroyable collection de ressources de formation continue en devenant Membres du R\u00e9seau Si Yuan.<\/p>\n<p>En outre, Si Yuan s&rsquo;engage \u00e0 maintenir et \u00e0 d\u00e9velopper le programme de certification de la M\u00e9thode d\u2019Equilibre initialement institu\u00e9 par le Dr Tan. Il garantit que les patients ont acc\u00e8s \u00e0 des praticiens de la M\u00e9thode d\u2019Equilibre d\u00e9vou\u00e9s, bien form\u00e9s et qualifi\u00e9s. Il offre \u00e9galement aux praticiens un parcours professionnel significatif et respect\u00e9.<\/p>\n<\/div><div class=\"special-heading-border\"><div class=\"special-heading-inner-border\"><\/div><\/div><\/div>\n<section  class='av_textblock_section av-l4fcs8he-5ff29324b3553a0cd9834cb5e27349a9 '   itemscope=\"itemscope\" itemtype=\"https:\/\/schema.org\/CreativeWork\" ><div class='avia_textblock'  itemprop=\"text\" ><p style=\"text-align: center;\"><img loading=\"lazy\" decoding=\"async\" class=\"size-full wp-image-16726 \" src=\"https:\/\/www.siyuanbalance.com\/wp-content\/uploads\/2016\/09\/gua-0.jpg\" alt=\"\" width=\"20\" height=\"17\" \/>\u00a0\u00a0\u00a0<em>Les Membres du R\u00e9seau sont symbolis\u00e9s par le trigramme de l\u2019Eau sans barre rouge.<\/em><\/p>\n<\/div><\/section>\n\n<style type=\"text\/css\" data-created_by=\"avia_inline_auto\" id=\"style-css-av-l4fdnlyz-af21d4ea816829ed95fc16f7cf0f8960\">\n#top .hr.av-l4fdnlyz-af21d4ea816829ed95fc16f7cf0f8960{\nmargin-top:10px;\nmargin-bottom:50px;\n}\n.hr.av-l4fdnlyz-af21d4ea816829ed95fc16f7cf0f8960 .hr-inner{\nwidth:50px;\nborder-color:#c11019;\nmax-width:45%;\n}\n.hr.av-l4fdnlyz-af21d4ea816829ed95fc16f7cf0f8960 .av-seperator-icon{\ncolor:#770a0f;\n}\n<\/style>\n<div  class='hr av-l4fdnlyz-af21d4ea816829ed95fc16f7cf0f8960 hr-custom  avia-builder-el-3  el_after_av_textblock  el_before_av_one_half  hr-center hr-icon-yes'><span class='hr-inner inner-border-av-border-thin'><span class=\"hr-inner-style\"><\/span><\/span><span class='av-seperator-icon' aria-hidden='true' data-av_icon='\ue80b' data-av_iconfont='entypo-fontello'><\/span><span class='hr-inner inner-border-av-border-thin'><span class=\"hr-inner-style\"><\/span><\/span><\/div>\n\n<style type=\"text\/css\" data-created_by=\"avia_inline_auto\" id=\"style-css-av-5609za-0eee89ac7344870e9e47077baca1dc83\">\n.flex_column.av-5609za-0eee89ac7344870e9e47077baca1dc83{\nborder-radius:0px 0px 0px 0px;\npadding:0px 0px 0px 0px;\n}\n<\/style>\n<div  class='flex_column av-5609za-0eee89ac7344870e9e47077baca1dc83 av_one_half  avia-builder-el-4  el_after_av_hr  el_before_av_one_half  first flex_column_div av-zero-column-padding  '     ><p>\n<style type=\"text\/css\" data-created_by=\"avia_inline_auto\" id=\"style-css-av-l4fgkfgb-cb62a4db355f7b1e417c22a6648c55c8\">\n#top .avia-icon-list-container.av-l4fgkfgb-cb62a4db355f7b1e417c22a6648c55c8 .iconlist_icon{\nbackground-color:#770a0f;\n}\n#top #wrap_all .avia-icon-list-container.av-l4fgkfgb-cb62a4db355f7b1e417c22a6648c55c8 .av_iconlist_title{\ncolor:#770a0f;\n}\n.avia-icon-list-container.av-l4fgkfgb-cb62a4db355f7b1e417c22a6648c55c8 .iconlist_content{\ncolor:#333333;\n}\n<\/style>\n<div  class='avia-icon-list-container av-l4fgkfgb-cb62a4db355f7b1e417c22a6648c55c8  avia-builder-el-5  el_before_av_image  avia-builder-el-first '><ul class='avia-icon-list avia_animate_when_almost_visible avia-icon-list-left av-iconlist-big av-l4fgkfgb-cb62a4db355f7b1e417c22a6648c55c8 avia-iconlist-animate'>\n<li><div class='iconlist_icon av-28l9ly-d4659539acc86dbb241babf5a8a44e8b avia-font-entypo-fontello'><span class='iconlist-char' aria-hidden='true' data-av_icon='\ue82b' data-av_iconfont='entypo-fontello'><\/span><\/div><article class=\"article-icon-entry \"  itemscope=\"itemscope\" itemtype=\"https:\/\/schema.org\/CreativeWork\" ><div class=\"iconlist_content_wrap\"><header class=\"entry-content-header\"><h4 class='av_iconlist_title iconlist_title  av_inherit_color'  itemprop=\"headline\" >Tous les praticiens qui ont assist\u00e9 au moins une fois \u00e0 un AcuCore sont les bienvenus.<\/h4><\/header><div class='iconlist_content av_inherit_color'  itemprop=\"text\" ><p>Celles-ci sont \u00e9quivalentes aux classes pr\u00e9c\u00e9dentes intitul\u00e9es :<\/p>\n<ul>\n<li>Acupuncture 1,2,3<\/li>\n<li>Introduction \u00e0 l\u2019\u00e9quilibre Global<\/li>\n<li>AcuCore<\/li>\n<\/ul>\n<\/div><\/div><footer class=\"entry-footer\"><\/footer><\/article><div class=\"iconlist-timeline\"><\/div><\/li>\n<li><div class='iconlist_icon av-28l9ly-6-1d8c42755188604d71ac206665e4b47d avia-font-entypo-fontello'><span class='iconlist-char' aria-hidden='true' data-av_icon='\ue8c9' data-av_iconfont='entypo-fontello'><\/span><\/div><article class=\"article-icon-entry av-iconlist-empty\"  itemscope=\"itemscope\" itemtype=\"https:\/\/schema.org\/CreativeWork\" ><div class=\"iconlist_content_wrap\"><header class=\"entry-content-header\"><h4 class='av_iconlist_title iconlist_title  av_inherit_color'  itemprop=\"headline\" >Certains membres du r\u00e9seau sont \u00e9galement des praticiens certifi\u00e9s Si Yuan.<\/h4><\/header><div class='iconlist_content av_inherit_color'  itemprop=\"text\" ><\/div><\/div><footer class=\"entry-footer\"><\/footer><\/article><div class=\"iconlist-timeline\"><\/div><\/li>\n<\/ul><\/div><br \/>\n\n<style type=\"text\/css\" data-created_by=\"avia_inline_auto\" id=\"style-css-av-l66li6b4-18eb5c1e70d416699624f4a2de2bcef4\">\n.avia-image-container.av-l66li6b4-18eb5c1e70d416699624f4a2de2bcef4 img.avia_image{\nbox-shadow:none;\n}\n.avia-image-container.av-l66li6b4-18eb5c1e70d416699624f4a2de2bcef4 .av-image-caption-overlay-center{\ncolor:#ffffff;\n}\n<\/style>\n<div  class='avia-image-container av-l66li6b4-18eb5c1e70d416699624f4a2de2bcef4 av-styling- avia-align-center  avia-builder-el-6  el_after_av_iconlist  avia-builder-el-last '   itemprop=\"image\" itemscope=\"itemscope\" itemtype=\"https:\/\/schema.org\/ImageObject\" ><div class=\"avia-image-container-inner\"><div class=\"avia-image-overlay-wrap\"><a href=\"https:\/\/www.siyuanbalance.com\/fr\/certification\/\" class='avia_image' target=\"_blank\" rel=\"noopener noreferrer\" aria-label='niveaux'><img decoding=\"async\" fetchpriority=\"high\" class='wp-image-3905 avia-img-lazy-loading-not-3905 avia_image ' src=\"https:\/\/practice.siyuanbalance.com\/wp-content\/uploads\/2023\/01\/niveaux.jpg\" alt='' title='niveaux'  height=\"167\" width=\"617\"  itemprop=\"thumbnailUrl\" srcset=\"https:\/\/practice.siyuanbalance.com\/wp-content\/uploads\/2023\/01\/niveaux.jpg 617w, https:\/\/practice.siyuanbalance.com\/wp-content\/uploads\/2023\/01\/niveaux-300x81.jpg 300w, https:\/\/practice.siyuanbalance.com\/wp-content\/uploads\/2023\/01\/niveaux-450x122.jpg 450w, https:\/\/practice.siyuanbalance.com\/wp-content\/uploads\/2023\/01\/niveaux-600x162.jpg 600w\" sizes=\"(max-width: 617px) 100vw, 617px\" \/><\/a><\/div><\/div><\/div><\/p><\/div>\n<style type=\"text\/css\" data-created_by=\"avia_inline_auto\" id=\"style-css-av-5609za-7-61252571057d6a1d5b081e59d3dc67b8\">\n.flex_column.av-5609za-7-61252571057d6a1d5b081e59d3dc67b8{\nborder-radius:0px 0px 0px 0px;\npadding:0px 0px 0px 0px;\n}\n<\/style>\n<div  class='flex_column av-5609za-7-61252571057d6a1d5b081e59d3dc67b8 av_one_half  avia-builder-el-7  el_after_av_one_half  el_before_av_one_full  flex_column_div av-zero-column-padding  '     ><section  class='av_textblock_section av-l4fggggp-9135c972795f6b07e184f40d82188504 '   itemscope=\"itemscope\" itemtype=\"https:\/\/schema.org\/CreativeWork\" ><div class='avia_textblock'  itemprop=\"text\" ><p>Tous les membres du R\u00e9seau b\u00e9n\u00e9ficient des avantages suivants\u00a0:<\/p>\n<ul>\n<li>Acc\u00e8s \u00e0 la plateforme de ressources Si Yuan<\/li>\n<li>Acc\u00e8s \u00e0 un groupe Facebook priv\u00e9 avec un contenu \u00e9ducatif exclusif et l&rsquo;assistance de l&rsquo;\u00e9quipe Si Yuan Core.<\/li>\n<li>Acc\u00e8s \u00e0 la liste des Membres du R\u00e9seau internationaux<\/li>\n<li>R\u00e9ductions sur les \u00e9v\u00e9nements sp\u00e9ciaux Si Yuan<\/li>\n<\/ul>\n<p>Si nous apprenons que le praticien ne respecte pas les enseignements et les valeurs de la m\u00e9thode d&rsquo;\u00e9quilibre Si Yuan, l&rsquo;adh\u00e9sion du praticien est sujette \u00e0 une interruption temporaire ou ind\u00e9finie.<\/p>\n<\/div><\/section><\/div>\n<style type=\"text\/css\" data-created_by=\"avia_inline_auto\" id=\"style-css-av-1ym97r-135d957c4a8022b600a09bad98c925db\">\n.flex_column.av-1ym97r-135d957c4a8022b600a09bad98c925db{\nborder-radius:0px 0px 0px 0px;\npadding:0px 0px 0px 0px;\n}\n<\/style>\n<div  class='flex_column av-1ym97r-135d957c4a8022b600a09bad98c925db av_one_full  avia-builder-el-9  el_after_av_one_half  el_before_av_one_half  first flex_column_div av-zero-column-padding  column-top-margin'     ><section  class='av_textblock_section av-l4fggggp-4-d3bd0dd912e0ac27bbec3aafd50b0bb0 '   itemscope=\"itemscope\" itemtype=\"https:\/\/schema.org\/CreativeWork\" ><div class='avia_textblock'  itemprop=\"text\" ><h2 style=\"text-align: center;\">Comment s&rsquo;inscrire ?<\/h2>\n<\/div><\/section><br \/>\n\n<style type=\"text\/css\" data-created_by=\"avia_inline_auto\" id=\"style-css-av-l4fdnlyz-8-28a64fbb95d8732043bd1f9415cf15ba\">\n#top .hr.av-l4fdnlyz-8-28a64fbb95d8732043bd1f9415cf15ba{\nmargin-top:10px;\nmargin-bottom:0px;\n}\n.hr.av-l4fdnlyz-8-28a64fbb95d8732043bd1f9415cf15ba .hr-inner{\nwidth:50px;\nborder-color:#c11019;\nmax-width:45%;\n}\n.hr.av-l4fdnlyz-8-28a64fbb95d8732043bd1f9415cf15ba .av-seperator-icon{\ncolor:#770a0f;\n}\n<\/style>\n<div  class='hr av-l4fdnlyz-8-28a64fbb95d8732043bd1f9415cf15ba hr-custom  avia-builder-el-11  el_after_av_textblock  avia-builder-el-last  hr-center hr-icon-yes'><span class='hr-inner inner-border-av-border-thin'><span class=\"hr-inner-style\"><\/span><\/span><span class='av-seperator-icon' aria-hidden='true' data-av_icon='\ue836' data-av_iconfont='entypo-fontello'><\/span><span class='hr-inner inner-border-av-border-thin'><span class=\"hr-inner-style\"><\/span><\/span><\/div><\/p><\/div><div class='flex_column_table av-dmtctz-9882eff99046b6d13864c7f98bcf6c33 sc-av_one_half av-equal-height-column-flextable'>\n<style type=\"text\/css\" data-created_by=\"avia_inline_auto\" id=\"style-css-av-dmtctz-9882eff99046b6d13864c7f98bcf6c33\">\n@keyframes av_boxShadowEffect_av-dmtctz-9882eff99046b6d13864c7f98bcf6c33-column {\n0%   { box-shadow:  0 0 0 0 #5e5e5e; opacity: 1; }\n100% { box-shadow:  0 0 3px 0 #5e5e5e; opacity: 1; }\n}\n.flex_column.av-dmtctz-9882eff99046b6d13864c7f98bcf6c33{\nbox-shadow: 0 0 3px 0 #5e5e5e;\nborder-radius:10px 10px 10px 10px;\npadding:20px 20px 20px 20px;\nbackground-color:#f4f4f4;\n}\n<\/style>\n<div  class='flex_column av-dmtctz-9882eff99046b6d13864c7f98bcf6c33 av_one_half  avia-builder-el-12  el_after_av_one_full  el_before_av_one_half  first flex_column_table_cell av-equal-height-column av-align-middle shadow-not-animated  column-top-margin'     ><section  class='av_textblock_section av-l4fggggp-3-2f54a3940c6cf1e72637c9769b08ff4b '   itemscope=\"itemscope\" itemtype=\"https:\/\/schema.org\/CreativeWork\" ><div class='avia_textblock'  itemprop=\"text\" ><h3>Merci de mettre en place un paiement r\u00e9current annuel de 99 Euros ou 9.99\u20ac mensuel<\/h3>\n<p>Ces frais comprennent l\u2019enregistrement de votre inscription et l\u2019entretien de la page internet listant les praticiens certifi\u00e9s M\u00e9thode d\u2019\u00c9quilibre Si Yuan. Les paiements sont non remboursables. Les praticiens peuvent annuler leur inscription \u00e0 tout moment par email. L\u2019Equipe Si Yuan se r\u00e9serve le droit d\u2019interrompre temporairement ou d\u00e9finitivement une inscription et de retirer le praticien de la liste \u00e0 tout moment sans donner de justification.<\/p>\n<\/div><\/section><br \/>\n<div  class='avia-buttonrow-wrap av-m1q871ge-97d77debafdd7b2fda7092ece3b82e8b avia-buttonrow-center  avia-builder-el-14  el_after_av_textblock  avia-builder-el-last '>\n\n<style type=\"text\/css\" data-created_by=\"avia_inline_auto\" id=\"style-css-av-m1q86jb3-0f12b4b3d7075a32eef1786daebd8293\">\n#top #wrap_all .avia-button.av-m1q86jb3-0f12b4b3d7075a32eef1786daebd8293{\nmargin-bottom:5px;\nmargin-right:3px;\nmargin-left:3px;\n}\n<\/style>\n<a href='https:\/\/practice.siyuanbalance.com\/product\/si-yuan-network-member-subscription\/'  class='avia-button av-m1q86jb3-0f12b4b3d7075a32eef1786daebd8293 avia-icon_select-no avia-size-small avia-color-theme-color'  ><span class='avia_iconbox_title' >Soucription mensuelle<\/span><\/a>\n\n<style type=\"text\/css\" data-created_by=\"avia_inline_auto\" id=\"style-css-av-m1q870sm-6de2d63585e71c8fd15aa4687015cf14\">\n#top #wrap_all .avia-button.av-m1q870sm-6de2d63585e71c8fd15aa4687015cf14{\nmargin-bottom:5px;\nmargin-right:3px;\nmargin-left:3px;\n}\n<\/style>\n<a href='https:\/\/practice.siyuanbalance.com\/product\/si-yuan-network-member-yearly-subscription\/'  class='avia-button av-m1q870sm-6de2d63585e71c8fd15aa4687015cf14 avia-icon_select-no avia-size-small avia-color-theme-color'  ><span class='avia_iconbox_title' >Souscription annuelle<\/span><\/a>\n<\/div><\/p><\/div><div class='av-flex-placeholder'><\/div>\n<style type=\"text\/css\" data-created_by=\"avia_inline_auto\" id=\"style-css-av-dmtctz-2-49b00973c0ba15b2ce554c092ffb94cc\">\n@keyframes av_boxShadowEffect_av-dmtctz-2-49b00973c0ba15b2ce554c092ffb94cc-column {\n0%   { box-shadow:  0 0 0 0 #5e5e5e; opacity: 1; }\n100% { box-shadow:  0 0 3px 0 #5e5e5e; opacity: 1; }\n}\n.flex_column.av-dmtctz-2-49b00973c0ba15b2ce554c092ffb94cc{\nbox-shadow: 0 0 3px 0 #5e5e5e;\nborder-radius:10px 10px 10px 10px;\npadding:20px 20px 20px 20px;\nbackground-color:#f4f4f4;\n}\n<\/style>\n<div  class='flex_column av-dmtctz-2-49b00973c0ba15b2ce554c092ffb94cc av_one_half  avia-builder-el-15  el_after_av_one_half  avia-builder-el-last  flex_column_table_cell av-equal-height-column av-align-middle shadow-not-animated  column-top-margin'     ><section  class='av_textblock_section av-l4fggggp-1-db9ae5c2eff531a5ff6e4bc567178ddd '   itemscope=\"itemscope\" itemtype=\"https:\/\/schema.org\/CreativeWork\" ><div class='avia_textblock'  itemprop=\"text\" ><p>Merci de vous assurer d\u2019avoir les documents suivants pr\u00eats et lisibles:<\/p>\n<ul>\n<li>Certificats de participation<\/li>\n<li>Lettre de pr\u00e9sentation et de motivation<\/li>\n<li>Photo d\u2019identit\u00e9<\/li>\n<\/ul>\n<\/div><\/section><\/div><\/div><!--close column table wrapper. Autoclose: 1 --><\/div><\/div><\/main><!-- close content main element --><\/div><\/div><div id='after_section_1'  class='main_color av_default_container_wrap container_wrap sidebar_right'  ><div class='container av-section-cont-open' ><div class='template-page content  av-content-small alpha units'><div class='post-entry post-entry-type-page post-entry-3765'><div class='entry-content-wrapper clearfix'>\n","protected":false},"excerpt":{"rendered":"","protected":false},"author":1,"featured_media":0,"parent":0,"menu_order":0,"comment_status":"closed","ping_status":"closed","template":"","meta":{"footnotes":""},"class_list":["post-3765","page","type-page","status-publish","hentry"],"_links":{"self":[{"href":"https:\/\/practice.siyuanbalance.com\/fr\/wp-json\/wp\/v2\/pages\/3765","targetHints":{"allow":["GET"]}}],"collection":[{"href":"https:\/\/practice.siyuanbalance.com\/fr\/wp-json\/wp\/v2\/pages"}],"about":[{"href":"https:\/\/practice.siyuanbalance.com\/fr\/wp-json\/wp\/v2\/types\/page"}],"author":[{"embeddable":true,"href":"https:\/\/practice.siyuanbalance.com\/fr\/wp-json\/wp\/v2\/users\/1"}],"replies":[{"embeddable":true,"href":"https:\/\/practice.siyuanbalance.com\/fr\/wp-json\/wp\/v2\/comments?post=3765"}],"version-history":[{"count":11,"href":"https:\/\/practice.siyuanbalance.com\/fr\/wp-json\/wp\/v2\/pages\/3765\/revisions"}],"predecessor-version":[{"id":8307,"href":"https:\/\/practice.siyuanbalance.com\/fr\/wp-json\/wp\/v2\/pages\/3765\/revisions\/8307"}],"wp:attachment":[{"href":"https:\/\/practice.siyuanbalance.com\/fr\/wp-json\/wp\/v2\/media?parent=3765"}],"curies":[{"name":"wp","href":"https:\/\/api.w.org\/{rel}","templated":true}]}}