{"id":4614,"date":"2022-06-15T12:28:14","date_gmt":"2022-06-15T10:28:14","guid":{"rendered":"https:\/\/practice.siyuanbalance.com\/registrieren-sie-sich-als-netzwerkmitglied\/"},"modified":"2024-10-01T12:05:10","modified_gmt":"2024-10-01T10:05:10","slug":"registrieren-sie-sich-als-netzwerkmitglied","status":"publish","type":"page","link":"https:\/\/practice.siyuanbalance.com\/de\/registrieren-sie-sich-als-netzwerkmitglied\/","title":{"rendered":"Registrieren Sie sich als Netzwerkmitglied"},"content":{"rendered":"<div id='av_section_1'  class='avia-section av-l4fcxtp3-ab0ec3f7cbd83a69c51c816019075461 main_color avia-section-default avia-no-border-styling  avia-builder-el-0  avia-builder-el-no-sibling  avia-bg-style-fixed container_wrap sidebar_right'  ><div class='container av-section-cont-open' ><main  role=\"main\" itemprop=\"mainContentOfPage\"  class='template-page content  av-content-small alpha units'><div class='post-entry post-entry-type-page post-entry-4614'><div class='entry-content-wrapper clearfix'>\n\n<style type=\"text\/css\" data-created_by=\"avia_inline_auto\" id=\"style-css-av-2hau6u-caf15f3fb566f1246861b349d508a3da\">\n#top .av-special-heading.av-2hau6u-caf15f3fb566f1246861b349d508a3da{\npadding-bottom:10px;\n}\nbody .av-special-heading.av-2hau6u-caf15f3fb566f1246861b349d508a3da .av-special-heading-tag .heading-char{\nfont-size:25px;\n}\n.av-special-heading.av-2hau6u-caf15f3fb566f1246861b349d508a3da .av-subheading{\nfont-size:15px;\n}\n<\/style>\n<div  class='av-special-heading av-2hau6u-caf15f3fb566f1246861b349d508a3da av-special-heading-h1 blockquote modern-quote modern-centered  avia-builder-el-1  el_before_av_textblock  avia-builder-el-first  av-linked-heading'><h1 class='av-special-heading-tag'  itemprop=\"headline\"  >Registrieren Sie sich als Netzwerkmitglied<\/h1><div class='av-subheading av-subheading_below'><p>Si Yuan Network ist eine Gemeinschaft von weltweiten Akupunkteuren, die die Werte von Si Yuan teilen und sich einer hohen Qualit\u00e4t der Anwendung der Balance-Methode verschrieben haben.<\/p>\n<\/div><div class=\"special-heading-border\"><div class=\"special-heading-inner-border\"><\/div><\/div><\/div>\n<section  class='av_textblock_section av-l4fcs8he-5ff29324b3553a0cd9834cb5e27349a9 '   itemscope=\"itemscope\" itemtype=\"https:\/\/schema.org\/CreativeWork\" ><div class='avia_textblock'  itemprop=\"text\" ><p style=\"text-align: center;\"><img loading=\"lazy\" decoding=\"async\" class=\"size-full wp-image-16726 \" src=\"https:\/\/www.siyuanbalance.com\/wp-content\/uploads\/2016\/09\/gua-0.jpg\" alt=\"\" width=\"20\" height=\"17\" \/>\u00a0\u00a0\u00a0<em>Das Netzwerk Mitglieder ist symbolisiert mit dem Wasser Trigramm ohne rote Linien. Sie erhalten kein offiziell gedrucktes Zertifikat.<\/em><\/p>\n<\/div><\/section>\n\n<style type=\"text\/css\" data-created_by=\"avia_inline_auto\" id=\"style-css-av-l4fdnlyz-af21d4ea816829ed95fc16f7cf0f8960\">\n#top .hr.av-l4fdnlyz-af21d4ea816829ed95fc16f7cf0f8960{\nmargin-top:10px;\nmargin-bottom:50px;\n}\n.hr.av-l4fdnlyz-af21d4ea816829ed95fc16f7cf0f8960 .hr-inner{\nwidth:50px;\nborder-color:#c11019;\nmax-width:45%;\n}\n.hr.av-l4fdnlyz-af21d4ea816829ed95fc16f7cf0f8960 .av-seperator-icon{\ncolor:#770a0f;\n}\n<\/style>\n<div  class='hr av-l4fdnlyz-af21d4ea816829ed95fc16f7cf0f8960 hr-custom  avia-builder-el-3  el_after_av_textblock  el_before_av_one_half  hr-center hr-icon-yes'><span class='hr-inner inner-border-av-border-thin'><span class=\"hr-inner-style\"><\/span><\/span><span class='av-seperator-icon' aria-hidden='true' data-av_icon='\ue80b' data-av_iconfont='entypo-fontello'><\/span><span class='hr-inner inner-border-av-border-thin'><span class=\"hr-inner-style\"><\/span><\/span><\/div>\n\n<style type=\"text\/css\" data-created_by=\"avia_inline_auto\" id=\"style-css-av-5609za-0eee89ac7344870e9e47077baca1dc83\">\n.flex_column.av-5609za-0eee89ac7344870e9e47077baca1dc83{\nborder-radius:0px 0px 0px 0px;\npadding:0px 0px 0px 0px;\n}\n<\/style>\n<div  class='flex_column av-5609za-0eee89ac7344870e9e47077baca1dc83 av_one_half  avia-builder-el-4  el_after_av_hr  el_before_av_one_half  first flex_column_div av-zero-column-padding  '     ><p>\n<style type=\"text\/css\" data-created_by=\"avia_inline_auto\" id=\"style-css-av-l4fgkfgb-cb62a4db355f7b1e417c22a6648c55c8\">\n#top .avia-icon-list-container.av-l4fgkfgb-cb62a4db355f7b1e417c22a6648c55c8 .iconlist_icon{\nbackground-color:#770a0f;\n}\n#top #wrap_all .avia-icon-list-container.av-l4fgkfgb-cb62a4db355f7b1e417c22a6648c55c8 .av_iconlist_title{\ncolor:#770a0f;\n}\n.avia-icon-list-container.av-l4fgkfgb-cb62a4db355f7b1e417c22a6648c55c8 .iconlist_content{\ncolor:#333333;\n}\n<\/style>\n<div  class='avia-icon-list-container av-l4fgkfgb-cb62a4db355f7b1e417c22a6648c55c8  avia-builder-el-5  el_before_av_image  avia-builder-el-first '><ul class='avia-icon-list avia_animate_when_almost_visible avia-icon-list-left av-iconlist-big av-l4fgkfgb-cb62a4db355f7b1e417c22a6648c55c8 avia-iconlist-animate'>\n<li><div class='iconlist_icon av-28l9ly-3c468089b2243e4853d1584afcdaff57 avia-font-entypo-fontello'><span class='iconlist-char' aria-hidden='true' data-av_icon='\ue82b' data-av_iconfont='entypo-fontello'><\/span><\/div><article class=\"article-icon-entry \"  itemscope=\"itemscope\" itemtype=\"https:\/\/schema.org\/CreativeWork\" ><div class=\"iconlist_content_wrap\"><header class=\"entry-content-header\"><h4 class='av_iconlist_title iconlist_title  av_inherit_color'  itemprop=\"headline\" >Die Therapeuten m\u00fcssen mindestens einmal an allen 4 Tagen des Si Yuans AcuCore teilgenommen haben<\/h4><\/header><div class='iconlist_content av_inherit_color'  itemprop=\"text\" ><p>These are equivalent to the previous classes entitled :<\/p>\n<ul>\n<li>Akupunktur 1,2,3 (oder Basis der Balance Methode)<\/li>\n<li>Einf\u00fchrung in die Globale Balance<\/li>\n<li>Grundlagenkurs<\/li>\n<\/ul>\n<\/div><\/div><footer class=\"entry-footer\"><\/footer><\/article><div class=\"iconlist-timeline\"><\/div><\/li>\n<li><div class='iconlist_icon av-28l9ly-6-f8d9c4a828c8c9f8e83bcc7e11735d42 avia-font-entypo-fontello'><span class='iconlist-char' aria-hidden='true' data-av_icon='\ue8c9' data-av_iconfont='entypo-fontello'><\/span><\/div><article class=\"article-icon-entry av-iconlist-empty\"  itemscope=\"itemscope\" itemtype=\"https:\/\/schema.org\/CreativeWork\" ><div class=\"iconlist_content_wrap\"><header class=\"entry-content-header\"><h4 class='av_iconlist_title iconlist_title  av_inherit_color'  itemprop=\"headline\" >Einige Netzwerkmitglieder sind auch Si Yuan-zertifizierte Praktizierende.<\/h4><\/header><div class='iconlist_content av_inherit_color'  itemprop=\"text\" ><\/div><\/div><footer class=\"entry-footer\"><\/footer><\/article><div class=\"iconlist-timeline\"><\/div><\/li>\n<\/ul><\/div><br \/>\n\n<style type=\"text\/css\" data-created_by=\"avia_inline_auto\" id=\"style-css-av-l66li6b4-ea8d407c2ff4cac66821241b69576375\">\n.avia-image-container.av-l66li6b4-ea8d407c2ff4cac66821241b69576375 img.avia_image{\nbox-shadow:none;\n}\n.avia-image-container.av-l66li6b4-ea8d407c2ff4cac66821241b69576375 .av-image-caption-overlay-center{\ncolor:#ffffff;\n}\n<\/style>\n<div  class='avia-image-container av-l66li6b4-ea8d407c2ff4cac66821241b69576375 av-styling- avia-align-center  avia-builder-el-6  el_after_av_iconlist  avia-builder-el-last '   itemprop=\"image\" itemscope=\"itemscope\" itemtype=\"https:\/\/schema.org\/ImageObject\" ><div class=\"avia-image-container-inner\"><div class=\"avia-image-overlay-wrap\"><a href=\"https:\/\/www.siyuanbalance.com\/de\/zertifzierung\/\" class='avia_image' target=\"_blank\" rel=\"noopener noreferrer\" aria-label='levels-de'><img decoding=\"async\" fetchpriority=\"high\" class='wp-image-4786 avia-img-lazy-loading-not-4786 avia_image ' src=\"https:\/\/practice.siyuanbalance.com\/wp-content\/uploads\/2023\/04\/levels-de.jpg\" alt='' title='levels-de'  height=\"124\" width=\"470\"  itemprop=\"thumbnailUrl\" srcset=\"https:\/\/practice.siyuanbalance.com\/wp-content\/uploads\/2023\/04\/levels-de.jpg 470w, https:\/\/practice.siyuanbalance.com\/wp-content\/uploads\/2023\/04\/levels-de-300x79.jpg 300w, https:\/\/practice.siyuanbalance.com\/wp-content\/uploads\/2023\/04\/levels-de-450x119.jpg 450w\" sizes=\"(max-width: 470px) 100vw, 470px\" \/><\/a><\/div><\/div><\/div><\/p><\/div>\n<style type=\"text\/css\" data-created_by=\"avia_inline_auto\" id=\"style-css-av-5609za-7-61252571057d6a1d5b081e59d3dc67b8\">\n.flex_column.av-5609za-7-61252571057d6a1d5b081e59d3dc67b8{\nborder-radius:0px 0px 0px 0px;\npadding:0px 0px 0px 0px;\n}\n<\/style>\n<div  class='flex_column av-5609za-7-61252571057d6a1d5b081e59d3dc67b8 av_one_half  avia-builder-el-7  el_after_av_one_half  el_before_av_one_full  flex_column_div av-zero-column-padding  '     ><section  class='av_textblock_section av-l4fggggp-9135c972795f6b07e184f40d82188504 '   itemscope=\"itemscope\" itemtype=\"https:\/\/schema.org\/CreativeWork\" ><div class='avia_textblock'  itemprop=\"text\" ><p>Vorteile f\u00fcr Netzwerkmitglieder :<\/p>\n<ul>\n<li>Zugang zur Si Yuan Praxisplattform.<\/li>\n<li>Zugang zu einer privaten Facebook-Gruppe mit exklusiven Lerninhalten und Unterst\u00fctzung durch das Si Yuan Core Team.<\/li>\n<li>Zugang zur internationalen Empfehlungsliste von Si Yuan mit Ihrer Klinik und Ihrem Logo auf unserer interaktiven Karte.<\/li>\n<li>Erm\u00e4\u00dfigungen auf besondere Si Yuan-Veranstaltungen.<\/li>\n<li>Ihre Mitgliedschaft und Ihre Klinik werden in unserem Si Yuan Newsletter und in den sozialen Medien vorgestellt.<\/li>\n<li>Ein informativer Flyer \u00fcber die Balance-Methode zum Auslegen in Ihrer Praxis.<\/li>\n<\/ul>\n<p>Wenn Si Yuan erf\u00e4hrt, dass der Praktizierende sich nicht an die Lehren und Werte der Si Yuan Balance-Methode h\u00e4lt, wird die Mitgliedschaft des Praktizierenden vor\u00fcbergehend oder auf unbestimmte Zeit unterbrochen.<\/p>\n<\/div><\/section><\/div>\n<style type=\"text\/css\" data-created_by=\"avia_inline_auto\" id=\"style-css-av-1ym97r-135d957c4a8022b600a09bad98c925db\">\n.flex_column.av-1ym97r-135d957c4a8022b600a09bad98c925db{\nborder-radius:0px 0px 0px 0px;\npadding:0px 0px 0px 0px;\n}\n<\/style>\n<div  class='flex_column av-1ym97r-135d957c4a8022b600a09bad98c925db av_one_full  avia-builder-el-9  el_after_av_one_half  el_before_av_one_half  first flex_column_div av-zero-column-padding  column-top-margin'     ><section  class='av_textblock_section av-l4fggggp-4-d3bd0dd912e0ac27bbec3aafd50b0bb0 '   itemscope=\"itemscope\" itemtype=\"https:\/\/schema.org\/CreativeWork\" ><div class='avia_textblock'  itemprop=\"text\" ><h2 style=\"text-align: center;\">Wie bewerbe ich mich?<\/h2>\n<\/div><\/section><br \/>\n\n<style type=\"text\/css\" data-created_by=\"avia_inline_auto\" id=\"style-css-av-l4fdnlyz-8-28a64fbb95d8732043bd1f9415cf15ba\">\n#top .hr.av-l4fdnlyz-8-28a64fbb95d8732043bd1f9415cf15ba{\nmargin-top:10px;\nmargin-bottom:0px;\n}\n.hr.av-l4fdnlyz-8-28a64fbb95d8732043bd1f9415cf15ba .hr-inner{\nwidth:50px;\nborder-color:#c11019;\nmax-width:45%;\n}\n.hr.av-l4fdnlyz-8-28a64fbb95d8732043bd1f9415cf15ba .av-seperator-icon{\ncolor:#770a0f;\n}\n<\/style>\n<div  class='hr av-l4fdnlyz-8-28a64fbb95d8732043bd1f9415cf15ba hr-custom  avia-builder-el-11  el_after_av_textblock  avia-builder-el-last  hr-center hr-icon-yes'><span class='hr-inner inner-border-av-border-thin'><span class=\"hr-inner-style\"><\/span><\/span><span class='av-seperator-icon' aria-hidden='true' data-av_icon='\ue836' data-av_iconfont='entypo-fontello'><\/span><span class='hr-inner inner-border-av-border-thin'><span class=\"hr-inner-style\"><\/span><\/span><\/div><\/p><\/div><div class='flex_column_table av-dmtctz-9882eff99046b6d13864c7f98bcf6c33 sc-av_one_half av-equal-height-column-flextable'>\n<style type=\"text\/css\" data-created_by=\"avia_inline_auto\" id=\"style-css-av-dmtctz-9882eff99046b6d13864c7f98bcf6c33\">\n@keyframes av_boxShadowEffect_av-dmtctz-9882eff99046b6d13864c7f98bcf6c33-column {\n0%   { box-shadow:  0 0 0 0 #5e5e5e; opacity: 1; }\n100% { box-shadow:  0 0 3px 0 #5e5e5e; opacity: 1; }\n}\n.flex_column.av-dmtctz-9882eff99046b6d13864c7f98bcf6c33{\nbox-shadow: 0 0 3px 0 #5e5e5e;\nborder-radius:10px 10px 10px 10px;\npadding:20px 20px 20px 20px;\nbackground-color:#f4f4f4;\n}\n<\/style>\n<div  class='flex_column av-dmtctz-9882eff99046b6d13864c7f98bcf6c33 av_one_half  avia-builder-el-12  el_after_av_one_full  el_before_av_one_half  first flex_column_table_cell av-equal-height-column av-align-middle shadow-not-animated  column-top-margin'     ><section  class='av_textblock_section av-l4fggggp-3-2f54a3940c6cf1e72637c9769b08ff4b '   itemscope=\"itemscope\" itemtype=\"https:\/\/schema.org\/CreativeWork\" ><div class='avia_textblock'  itemprop=\"text\" ><h3>Bitte richten Sie die wiederkehrende j\u00e4hrliche Zahlung von 99 \u20ac oder eine wiederkehrende monatliche Zahlung von 9,99 \u20ac ein<\/h3>\n<p>Diese Geb\u00fchr deckt die Bearbeitung Ihres Antrags, die Pflege der Empfehlungsliste von Si Yuan und unterst\u00fctzt die Ver\u00f6ffentlichung von Bildungsinhalten. Alle gezahlten Geb\u00fchren sind nicht erstattungsf\u00e4hig. Praktizierende k\u00f6nnen sich jederzeit per E-Mail abmelden. Si Yuan beh\u00e4lt sich alle Rechte vor, die Registrierung des Praktikers zu stornieren und ihn jederzeit ohne Begr\u00fcndung von der Liste zu entfernen.<\/p>\n<\/div><\/section><br \/>\n<div  class='avia-buttonrow-wrap av-m1q9vopo-dac62bbd277f57125238ae377a1b530d avia-buttonrow-center  avia-builder-el-14  el_after_av_textblock  avia-builder-el-last '>\n\n<style type=\"text\/css\" data-created_by=\"avia_inline_auto\" id=\"style-css-av-m1q9v4ut-0a4dcc8888414f95ae10d615f045d7f4\">\n#top #wrap_all .avia-button.av-m1q9v4ut-0a4dcc8888414f95ae10d615f045d7f4{\nmargin-bottom:5px;\nmargin-right:3px;\nmargin-left:3px;\n}\n<\/style>\n<a href='https:\/\/practice.siyuanbalance.com\/de\/produkt\/jahresabonnement-fuer-si-yuan-netzwerkmitglieder\/'  class='avia-button av-m1q9v4ut-0a4dcc8888414f95ae10d615f045d7f4 avia-icon_select-no avia-size-small avia-color-theme-color'  ><span class='avia_iconbox_title' >Jahresabonnement<\/span><\/a>\n\n<style type=\"text\/css\" data-created_by=\"avia_inline_auto\" id=\"style-css-av-m1q9vo4t-cd7e8bd22efd0ded9a2502ee264fcf7e\">\n#top #wrap_all .avia-button.av-m1q9vo4t-cd7e8bd22efd0ded9a2502ee264fcf7e{\nmargin-bottom:5px;\nmargin-right:3px;\nmargin-left:3px;\n}\n<\/style>\n<a href='https:\/\/practice.siyuanbalance.com\/de\/produkt\/monatliches-abonnement-fuer-si-yuan-network-mitglieder\/'  class='avia-button av-m1q9vo4t-cd7e8bd22efd0ded9a2502ee264fcf7e avia-icon_select-no avia-size-small avia-color-theme-color'  ><span class='avia_iconbox_title' >Monatliches Abonnement<\/span><\/a>\n<\/div><\/p><\/div><div class='av-flex-placeholder'><\/div>\n<style type=\"text\/css\" data-created_by=\"avia_inline_auto\" id=\"style-css-av-dmtctz-2-49b00973c0ba15b2ce554c092ffb94cc\">\n@keyframes av_boxShadowEffect_av-dmtctz-2-49b00973c0ba15b2ce554c092ffb94cc-column {\n0%   { box-shadow:  0 0 0 0 #5e5e5e; opacity: 1; }\n100% { box-shadow:  0 0 3px 0 #5e5e5e; opacity: 1; }\n}\n.flex_column.av-dmtctz-2-49b00973c0ba15b2ce554c092ffb94cc{\nbox-shadow: 0 0 3px 0 #5e5e5e;\nborder-radius:10px 10px 10px 10px;\npadding:20px 20px 20px 20px;\nbackground-color:#f4f4f4;\n}\n<\/style>\n<div  class='flex_column av-dmtctz-2-49b00973c0ba15b2ce554c092ffb94cc av_one_half  avia-builder-el-15  el_after_av_one_half  avia-builder-el-last  flex_column_table_cell av-equal-height-column av-align-middle shadow-not-animated  column-top-margin'     ><section  class='av_textblock_section av-l4fggggp-1-db9ae5c2eff531a5ff6e4bc567178ddd '   itemscope=\"itemscope\" itemtype=\"https:\/\/schema.org\/CreativeWork\" ><div class='avia_textblock'  itemprop=\"text\" ><p>Bitte stellen Sie sicher, dass Sie alle folgenden Dokumente bereit und lesbar haben:<\/p>\n<ul>\n<li>Teilnahmezertifikate<\/li>\n<li>Einf\u00fchrungs- und Motivationsschreiben<\/li>\n<li>Lichtbildausweis oder Bild<\/li>\n<\/ul>\n<\/div><\/section><\/div><\/div><!--close column table wrapper. Autoclose: 1 --><\/div><\/div><\/main><!-- close content main element --><\/div><\/div><div id='after_section_1'  class='main_color av_default_container_wrap container_wrap sidebar_right'  ><div class='container av-section-cont-open' ><div class='template-page content  av-content-small alpha units'><div class='post-entry post-entry-type-page post-entry-4614'><div class='entry-content-wrapper clearfix'>\n","protected":false},"excerpt":{"rendered":"","protected":false},"author":1,"featured_media":0,"parent":0,"menu_order":0,"comment_status":"closed","ping_status":"closed","template":"","meta":{"footnotes":""},"class_list":["post-4614","page","type-page","status-publish","hentry"],"_links":{"self":[{"href":"https:\/\/practice.siyuanbalance.com\/de\/wp-json\/wp\/v2\/pages\/4614","targetHints":{"allow":["GET"]}}],"collection":[{"href":"https:\/\/practice.siyuanbalance.com\/de\/wp-json\/wp\/v2\/pages"}],"about":[{"href":"https:\/\/practice.siyuanbalance.com\/de\/wp-json\/wp\/v2\/types\/page"}],"author":[{"embeddable":true,"href":"https:\/\/practice.siyuanbalance.com\/de\/wp-json\/wp\/v2\/users\/1"}],"replies":[{"embeddable":true,"href":"https:\/\/practice.siyuanbalance.com\/de\/wp-json\/wp\/v2\/comments?post=4614"}],"version-history":[{"count":5,"href":"https:\/\/practice.siyuanbalance.com\/de\/wp-json\/wp\/v2\/pages\/4614\/revisions"}],"predecessor-version":[{"id":8351,"href":"https:\/\/practice.siyuanbalance.com\/de\/wp-json\/wp\/v2\/pages\/4614\/revisions\/8351"}],"wp:attachment":[{"href":"https:\/\/practice.siyuanbalance.com\/de\/wp-json\/wp\/v2\/media?parent=4614"}],"curies":[{"name":"wp","href":"https:\/\/api.w.org\/{rel}","templated":true}]}}